{"id":5526,"date":"2021-11-10T15:45:42","date_gmt":"2021-11-10T13:45:42","guid":{"rendered":"https:\/\/www.invaldainvl.com\/?page_id=5526"},"modified":"2023-02-03T09:06:04","modified_gmt":"2023-02-03T07:06:04","slug":"frequently-asked-questions","status":"publish","type":"page","link":"https:\/\/www.invaldainvl.com\/en\/investor-relations\/frequently-asked-questions\/","title":{"rendered":"Frequently asked questions"},"content":{"rendered":"\n\n\n<section  class=\"invl-block invl-block-1-columns invl-columns\">\n\t\t\t\t\t<div class=\"column column-1-of-1 c-blue padding-top-05 padding-bottom-05\" >\n\t\t\t\t\t\t<h4>FREQUENTLY ASKED QUESTIONS<\/h4>\n\t\t<\/div>\n\t<\/section>\n\n\n\n<section  class=\"invl-block invl-block-accordion invl-columns invl-block-1-columns\">\n\t\t\t<div class=\"column column-1-of-1\">\t\t\t<div class=\"accordion-item c-white\">\n\t\t\t\t\t\t\t<div class=\"item-title\">\n\t\t\t\t<h4>I have bought Invalda shares with vouchers and I still have not sold them. How come the number of the shares has changed?<\/h4>\t\t\t<\/div>\n\t\t\t\t\t<div class=\"item-content\">\n\t\t\t\t<p>The shares were indexed on 30 April 1992 and 15 October 1996; therefore, the number of shares for all shareholders was increased four times during each indexation.<\/p>\n<p>In 2013 and 2014, Invalda (currently Invalda INVL) carried out two reorganisations.<\/p>\n<ul>\n<li>Part of the assets was split off in May 2013 and a new company Invalda privatus kapitalas was established. After the split-off, the remaining company Invalda changed its name to Invalda LT and then to Invalda INVL in April 2015. Notice of the approved split-off terms is available <a href=\"https:\/\/www.invaldainvl.com\/1\/lt\/articles\/articles\/view\/378\/akcines-bendroves-invalda-neeilinio-visuotinio-akcininku\" target=\"_blank\" rel=\"noopener\">here<\/a> and information on the distribution of assets can be found <a href=\"https:\/\/www.invaldainvl.com\/1\/lt\/articles\/articles\/view\/403\/del-ab-invalda-lt-valdomo-turto\" target=\"_blank\" rel=\"noopener\">here<\/a>. On 31 May 2013, Invalda shareholders had their stock reduced by 45.45\u00a0% and instead received the same number of shares in Invalda privatus kapitalas, not listed on the NASDAQ Vilnius Stock Exchange. For example, after the split-off, a shareholder holding 10,000\u00a0shares in Invalda owned 5,455\u00a0shares in Invalda LT and 4,545 shares in Invalda privatus kapitalas.<\/li>\n<li>In 2014, to redesign its business model according to classic asset management principles and to focus on asset management activities as the main source of revenue, Invalda INVL split-off the companies INVL Baltic Farmland, INVL Baltic Real Estate and INVL Technology. Documents related to the terms of the split-off from Invalda LT AB: <a href=\"https:\/\/www.invaldainvl.com\/1\/lt\/articles\/articles\/view\/442\/pranesimas-apie-parengtas-akcines-bendroves-invalda\" target=\"_blank\" rel=\"noopener\">Notification on the drawn-up terms of split-off of the public joint stock company Invalda LT;<\/a> <a href=\"https:\/\/www.invaldainvl.com\/1\/lt\/articles\/articles\/view\/2625\/uzbaigtas-invaldos-lt-atskyrimas-veikla-pradeda-trys\" target=\"_blank\" rel=\"noopener\">Split-off of Invalda LT AB is completed.<\/a><\/li>\n<li>Following these reorganisations, now you have shares in five companies instead of shares in the former Invalda: Invalda INVL, INVL Baltic Real Estate, INVL Technology, INVL Baltic Farmland and Invalda privatus kapitalas.<\/li>\n<\/ul>\n\t\t\t<\/div>\n\t\t\t\t\t<\/div>\n\t\t<\/div>\t<\/section>\n\n\n\n<section  class=\"invl-block invl-block-accordion invl-columns invl-block-1-columns\">\n\t\t\t<div class=\"column column-1-of-1\">\t\t\t<div class=\"accordion-item c-white\">\n\t\t\t\t\t\t\t<div class=\"item-title\">\n\t\t\t\t<h4>My address\/last name\/account number has changed. Who should I notify of these changes?<\/h4>\t\t\t<\/div>\n\t\t\t\t\t<div class=\"item-content\">\n\t\t\t\t<p>You should inform \u0160iauli\u0173 bankas about any changes in your personal data (changes in your address, surname, account number)\u00a0\u2013 it handles all the data of our shareholders.<\/p>\n<p>You can do this in one of the following ways:<\/p>\n<ul>\n<li>by visiting the nearest <a href=\"https:\/\/sb.lt\/lt\/apie\/info\/banko-skyriai-ir-bankomatai\" target=\"_blank\" rel=\"noopener\"><strong>branch of \u0160iauli\u0173 bankas<\/strong><\/a>;<\/li>\n<li>by sending a request to change your data in the register of shareholders by post (in case of a change of your surname, please attach a copy of the supporting document). Please address the request to: AB \u0160iauli\u0173 bankas, VP apskaitos skyrius, \u0160eimyni\u0161ki\u0173 g. 1A, 09312 Vilnius.<\/li>\n<\/ul>\n\t\t\t<\/div>\n\t\t\t\t\t<\/div>\n\t\t<\/div>\t<\/section>\n\n\n\n<section  class=\"invl-block invl-block-accordion invl-columns invl-block-1-columns\">\n\t\t\t<div class=\"column column-1-of-1\">\t\t\t<div class=\"accordion-item c-white\">\n\t\t\t\t\t\t\t<div class=\"item-title\">\n\t\t\t\t<h4>Why I don\u2019t get any dividends?<\/h4>\t\t\t<\/div>\n\t\t\t\t\t<div class=\"item-content\">\n\t\t\t\t<p>The decision on the distribution of dividends is made by the general meeting of shareholders held within the first four months of the year. If it is decided to pay dividends, they are paid to all shareholders who have indicated their account numbers within one month. If you have not received dividends, please contact \u0160iauli\u0173 bankas, which is authorised to pay dividends to Invalda INVL, and specify your account number.<\/p>\n\t\t\t<\/div>\n\t\t\t\t\t<\/div>\n\t\t<\/div>\t<\/section>\n\n\n\n<section  class=\"invl-block invl-block-accordion invl-columns invl-block-1-columns\">\n\t\t\t<div class=\"column column-1-of-1\">\t\t\t<div class=\"accordion-item c-white\">\n\t\t\t\t\t\t\t<div class=\"item-title\">\n\t\t\t\t<h4>How can I buy or sell Invalda INVL shares?<\/h4>\t\t\t<\/div>\n\t\t\t\t\t<div class=\"item-content\">\n\t\t\t\t<p>You can buy and\/or sell shares on the stock exchange at any time. For this, you need to contact a financial brokerage firm or a branch. If you are married, to sell shares, you need the consent of your spouse. Also, before selling shares, we recommend that you learn more about the taxation of income from the sale of shares.<\/p>\n\t\t\t<\/div>\n\t\t\t\t\t<\/div>\n\t\t<\/div>\t<\/section>\n\n\n\n<section  class=\"invl-block invl-block-accordion invl-columns invl-block-1-columns\">\n\t\t\t<div class=\"column column-1-of-1\">\t\t\t<div class=\"accordion-item c-white\">\n\t\t\t\t\t\t\t<div class=\"item-title\">\n\t\t\t\t<h4>What is the share price of Invalda INVL?<\/h4>\t\t\t<\/div>\n\t\t\t\t\t<div class=\"item-content\">\n\t\t\t\t<p>The share price can change on a daily basis. You can follow it on our company\u2019s website at <a href=\"https:\/\/www.invaldainvl.com\/en\/investor-relations\/share-trading\/\" target=\"_blank\" rel=\"noopener\">https:\/\/invaldainvl.com<\/a>\u00a0or on the website of the stock exchange at <a href=\"https:\/\/nasdaqbaltic.com\/statistics\/lt\/instrument\/LT0000102279\/trading\" target=\"_blank\" rel=\"noopener\">https:\/\/nasdaqbaltic.com\/statistics\/lt\/instrument\/LT0000102279\/trading<\/a>.<\/p>\n\t\t\t<\/div>\n\t\t\t\t\t<\/div>\n\t\t<\/div>\t<\/section>\n\n\n\n<section  class=\"invl-block invl-block-accordion invl-columns invl-block-1-columns\">\n\t\t\t<div class=\"column column-1-of-1\">\t\t\t<div class=\"accordion-item c-white\">\n\t\t\t\t\t\t\t<div class=\"item-title\">\n\t\t\t\t<h4>Why is it not possible to find out how many shares I have by phone or email?<\/h4>\t\t\t<\/div>\n\t\t\t\t\t<div class=\"item-content\">\n\t\t\t\t<p>The personal data of each shareholder is confidential. It is not possible to identify a person by phone or email; therefore, confidential information is not provided.<\/p>\n\t\t\t<\/div>\n\t\t\t\t\t<\/div>\n\t\t<\/div>\t<\/section>\n\n\n\n<section  class=\"invl-block invl-block-accordion invl-columns invl-block-1-columns\">\n\t\t\t<div class=\"column column-1-of-1\">\t\t\t<div class=\"accordion-item c-white\">\n\t\t\t\t\t\t\t<div class=\"item-title\">\n\t\t\t\t<h4>What should I do to settle the inheritance of Invalda INVL shares?<\/h4>\t\t\t<\/div>\n\t\t\t\t\t<div class=\"item-content\">\n\t\t\t\t<p>When a notary public opens your inheritance case, he\/she or you must apply to \u0160iauliai bankas, which manages the accounting of Invalda INVL shares, with a document issued by the notary public. It will issue a securities portfolio statement and a certificate of unpaid dividends, if any. Later, after the notary public has issued the certificate of the right of inheritance, you have to produce this document to \u0160iauli\u0173 bankas so that it could make entries in the securities accounts and rewrite the shares to the successor.<\/p>\n\t\t\t<\/div>\n\t\t\t\t\t<\/div>\n\t\t<\/div>\t<\/section>\n","protected":false},"excerpt":{"rendered":"","protected":false},"author":2,"featured_media":0,"parent":5520,"menu_order":0,"comment_status":"closed","ping_status":"closed","template":"","meta":{"_acf_changed":false,"footnotes":""},"class_list":["post-5526","page","type-page","status-publish","hentry"],"acf":[],"yoast_head":"<!-- This site is optimized with the Yoast SEO plugin v26.8 - https:\/\/yoast.com\/product\/yoast-seo-wordpress\/ -->\n<title>Frequently asked questions - Invalda INVL<\/title>\n<meta name=\"robots\" content=\"index, follow, max-snippet:-1, max-image-preview:large, max-video-preview:-1\" \/>\n<link rel=\"canonical\" href=\"https:\/\/www.invaldainvl.com\/en\/investor-relations\/frequently-asked-questions\/\" \/>\n<meta property=\"og:locale\" content=\"en_US\" \/>\n<meta property=\"og:type\" content=\"article\" \/>\n<meta property=\"og:title\" content=\"Frequently asked questions - Invalda INVL\" \/>\n<meta property=\"og:url\" content=\"https:\/\/www.invaldainvl.com\/en\/investor-relations\/frequently-asked-questions\/\" \/>\n<meta property=\"og:site_name\" content=\"Invalda INVL\" \/>\n<meta property=\"article:modified_time\" content=\"2023-02-03T07:06:04+00:00\" \/>\n<meta name=\"twitter:card\" content=\"summary_large_image\" \/>\n<script type=\"application\/ld+json\" class=\"yoast-schema-graph\">{\"@context\":\"https:\/\/schema.org\",\"@graph\":[{\"@type\":\"WebPage\",\"@id\":\"https:\/\/www.invaldainvl.com\/en\/investor-relations\/frequently-asked-questions\/\",\"url\":\"https:\/\/www.invaldainvl.com\/en\/investor-relations\/frequently-asked-questions\/\",\"name\":\"Frequently asked questions - Invalda INVL\",\"isPartOf\":{\"@id\":\"https:\/\/www.invaldainvl.com\/#website\"},\"datePublished\":\"2021-11-10T13:45:42+00:00\",\"dateModified\":\"2023-02-03T07:06:04+00:00\",\"breadcrumb\":{\"@id\":\"https:\/\/www.invaldainvl.com\/en\/investor-relations\/frequently-asked-questions\/#breadcrumb\"},\"inLanguage\":\"en-US\",\"potentialAction\":[{\"@type\":\"ReadAction\",\"target\":[\"https:\/\/www.invaldainvl.com\/en\/investor-relations\/frequently-asked-questions\/\"]}]},{\"@type\":\"BreadcrumbList\",\"@id\":\"https:\/\/www.invaldainvl.com\/en\/investor-relations\/frequently-asked-questions\/#breadcrumb\",\"itemListElement\":[{\"@type\":\"ListItem\",\"position\":1,\"name\":\"Home\",\"item\":\"https:\/\/www.invaldainvl.com\/en\/\"},{\"@type\":\"ListItem\",\"position\":2,\"name\":\"Investor relations\",\"item\":\"https:\/\/www.invaldainvl.com\/en\/investor-relations\/\"},{\"@type\":\"ListItem\",\"position\":3,\"name\":\"Frequently asked questions\"}]},{\"@type\":\"WebSite\",\"@id\":\"https:\/\/www.invaldainvl.com\/#website\",\"url\":\"https:\/\/www.invaldainvl.com\/\",\"name\":\"Invalda INVL\",\"description\":\"Invalda INVL\",\"potentialAction\":[{\"@type\":\"SearchAction\",\"target\":{\"@type\":\"EntryPoint\",\"urlTemplate\":\"https:\/\/www.invaldainvl.com\/?s={search_term_string}\"},\"query-input\":{\"@type\":\"PropertyValueSpecification\",\"valueRequired\":true,\"valueName\":\"search_term_string\"}}],\"inLanguage\":\"en-US\"}]}<\/script>\n<!-- \/ Yoast SEO plugin. -->","yoast_head_json":{"title":"Frequently asked questions - Invalda INVL","robots":{"index":"index","follow":"follow","max-snippet":"max-snippet:-1","max-image-preview":"max-image-preview:large","max-video-preview":"max-video-preview:-1"},"canonical":"https:\/\/www.invaldainvl.com\/en\/investor-relations\/frequently-asked-questions\/","og_locale":"en_US","og_type":"article","og_title":"Frequently asked questions - Invalda INVL","og_url":"https:\/\/www.invaldainvl.com\/en\/investor-relations\/frequently-asked-questions\/","og_site_name":"Invalda INVL","article_modified_time":"2023-02-03T07:06:04+00:00","twitter_card":"summary_large_image","schema":{"@context":"https:\/\/schema.org","@graph":[{"@type":"WebPage","@id":"https:\/\/www.invaldainvl.com\/en\/investor-relations\/frequently-asked-questions\/","url":"https:\/\/www.invaldainvl.com\/en\/investor-relations\/frequently-asked-questions\/","name":"Frequently asked questions - Invalda INVL","isPartOf":{"@id":"https:\/\/www.invaldainvl.com\/#website"},"datePublished":"2021-11-10T13:45:42+00:00","dateModified":"2023-02-03T07:06:04+00:00","breadcrumb":{"@id":"https:\/\/www.invaldainvl.com\/en\/investor-relations\/frequently-asked-questions\/#breadcrumb"},"inLanguage":"en-US","potentialAction":[{"@type":"ReadAction","target":["https:\/\/www.invaldainvl.com\/en\/investor-relations\/frequently-asked-questions\/"]}]},{"@type":"BreadcrumbList","@id":"https:\/\/www.invaldainvl.com\/en\/investor-relations\/frequently-asked-questions\/#breadcrumb","itemListElement":[{"@type":"ListItem","position":1,"name":"Home","item":"https:\/\/www.invaldainvl.com\/en\/"},{"@type":"ListItem","position":2,"name":"Investor relations","item":"https:\/\/www.invaldainvl.com\/en\/investor-relations\/"},{"@type":"ListItem","position":3,"name":"Frequently asked questions"}]},{"@type":"WebSite","@id":"https:\/\/www.invaldainvl.com\/#website","url":"https:\/\/www.invaldainvl.com\/","name":"Invalda INVL","description":"Invalda INVL","potentialAction":[{"@type":"SearchAction","target":{"@type":"EntryPoint","urlTemplate":"https:\/\/www.invaldainvl.com\/?s={search_term_string}"},"query-input":{"@type":"PropertyValueSpecification","valueRequired":true,"valueName":"search_term_string"}}],"inLanguage":"en-US"}]}},"_links":{"self":[{"href":"https:\/\/www.invaldainvl.com\/en\/wp-json\/wp\/v2\/pages\/5526","targetHints":{"allow":["GET"]}}],"collection":[{"href":"https:\/\/www.invaldainvl.com\/en\/wp-json\/wp\/v2\/pages"}],"about":[{"href":"https:\/\/www.invaldainvl.com\/en\/wp-json\/wp\/v2\/types\/page"}],"author":[{"embeddable":true,"href":"https:\/\/www.invaldainvl.com\/en\/wp-json\/wp\/v2\/users\/2"}],"replies":[{"embeddable":true,"href":"https:\/\/www.invaldainvl.com\/en\/wp-json\/wp\/v2\/comments?post=5526"}],"version-history":[{"count":9,"href":"https:\/\/www.invaldainvl.com\/en\/wp-json\/wp\/v2\/pages\/5526\/revisions"}],"predecessor-version":[{"id":17681,"href":"https:\/\/www.invaldainvl.com\/en\/wp-json\/wp\/v2\/pages\/5526\/revisions\/17681"}],"up":[{"embeddable":true,"href":"https:\/\/www.invaldainvl.com\/en\/wp-json\/wp\/v2\/pages\/5520"}],"wp:attachment":[{"href":"https:\/\/www.invaldainvl.com\/en\/wp-json\/wp\/v2\/media?parent=5526"}],"curies":[{"name":"wp","href":"https:\/\/api.w.org\/{rel}","templated":true}]}}