{"id":5578,"date":"2021-11-10T16:01:15","date_gmt":"2021-11-10T14:01:15","guid":{"rendered":"https:\/\/www.invaldainvl.com\/?page_id=5578"},"modified":"2021-11-10T16:01:16","modified_gmt":"2021-11-10T14:01:16","slug":"pradinis","status":"publish","type":"page","link":"https:\/\/www.invaldainvl.com\/en\/pradinis\/","title":{"rendered":"Pradinis"},"content":{"rendered":"\n<section  class=\"invl-block invl-block-1-columns invl-columns\">\n\t\t\t\t\t<div class=\"column column-1-of-1 c-white has-bg-image has-responsive-faux-image-div column-no-content has-responsive-faux-image-div-cover\" style=\"background-image:url(https:\/\/www.invaldainvl.com\/wp-content\/uploads\/2021\/08\/retusuotas-angeliukas-du.jpg); background-size: cover; background-position: right bottom; background-repeat:no-repeat;\">\n\t\t\t<div class=\"responsive-faux-image\" style=\"height:199px;width:300px;\"><\/div>\t\t\t\t\t<\/div>\n\t<\/section>\n\n\n\n<section  class=\"invl-block invl-block-2-columns invl-columns has-emphasized-column emphasized-1\">\n\t\t\t\t\t<div class=\"column column-1-of-2 column-emphasized c-white\" >\n\t\t\t\t\t\t<h4>\u201eInvalda INVL\u201c yra turto valdymo grup\u0117, atvira, auganti bei investuojanti, ir savo veikla kurianti gerov\u0119 \u017emon\u0117ms.<\/h4>\n<p>Turto valdymo grup\u0117 \u201eInvalda INVL\u201c valdo investicinius ir pensij\u0173 fondus, alternatyvias investicijas (tikrojo turto, privataus kapitalo bei priva\u010dios skolos fondai), individualius portfelius bei kitas finansines priemones.<\/p>\n<p>Daugiau kaip 250 t\u016bkstan\u010di\u0173 klient\u0173 Lietuvoje ir Latvijoje bei tarptautiniai investuotojai patik\u0117jo valdyti daugiau kaip 1,4 mlrd. eur\u0173 vert\u0117s turt\u0105.<\/p>\n<p>Turto valdymo ir investavimo srityje dirba vir\u0161 30 profesional\u0173.<\/p>\n<p>\u201eInvalda INVL\u201c\u00a0 nuo 1995 m. yra \u012ftraukta \u012f bir\u017eos prekybos s\u0105ra\u0161\u0105. Prekybos rezultatus galite matyti <a href=\"https:\/\/www.invaldainvl.com\/investuotojams\/prekyba-akcijomis\/\">\u010dia.<\/a><\/p>\n<p>Daugiau skaitykite skiltyje <strong>M\u016bs\u0173 verslas<\/strong><\/p>\n<p>&nbsp;<\/p>\n\t\t<\/div>\n\t\t\t\t\t<div class=\"column column-1-of-2 c-white has-bg-image has-responsive-faux-image-div column-no-content has-responsive-faux-image-div-contain\" style=\"background-image:url(https:\/\/www.invaldainvl.com\/wp-content\/uploads\/2021\/07\/Picture4.png); background-size: contain; background-position: left center; background-repeat:no-repeat;\">\n\t\t\t<div class=\"responsive-faux-image\" style=\"height:121px;width:300px;\"><\/div>\t\t\t\t\t<\/div>\n\t<\/section>\n\n\n\n<section  class=\"invl-block invl-block-1-columns invl-columns\">\n\t\t\t\t\t<div class=\"column column-1-of-1 c-blue padding-top-05 padding-bottom-05\" >\n\t\t\t\t\t\t<h3>Naujienos<\/h3>\n\t\t<\/div>\n\t<\/section>\n\n\n\n    <section  class=\"invl-block invl-block-news invl-columns invl-block-3-columns posts-wrap\">\n                    <div class=\"column column-1-of-3 c-white post-23383 post type-post status-publish format-standard has-post-thumbnail hentry category-group-company-press-releases\">\n                \t\t<div class=\"post-thumbnail\"\n\t\tstyle=\"\n\t\t\tbackground-image:url(https:\/\/www.invaldainvl.com\/wp-content\/uploads\/2026\/03\/Asociatyvi-nuotr.-2.jpg);\n\t\t\tbackground-position: center center;\n\t\t\t\"\n\t>\n\t\t\t\t\t<a href=\"https:\/\/www.invaldainvl.com\/en\/group-company-press-releases\/invl-technology-repurchased-own-shares\/\" class=\"open-link\"><\/a>\n\t\t\t\t\t\t\t\t<ul>\n\t\t\t\t\t\t\t\t\t\t<li class=\"cat-group-company-press-releases\"><a href=\"https:\/\/www.invaldainvl.com\/en\/news\/?cat=14\">Group company press releases<\/a><\/li>\t\t\t\t<\/ul>\n\t\t\t\t<\/div>\n                <h2 class=\"post-title\"><a href=\"https:\/\/www.invaldainvl.com\/en\/group-company-press-releases\/invl-technology-repurchased-own-shares\/\" title=\"Skaityti &rarr; INVL Technology repurchased own shares\">INVL Technology repurchased own shares<\/a><\/h2>\n                <p>INVL Technology, an investment company focused on information technology businesses, repurchased 8,525 of its own shares using a Dutch auction mechanism, for which EUR 38,192 will be paid (excluding brokerage fees). All shares offered by shareholders were acquired at EUR 4.48 per share. Settlement for the repurchased shares will take place on 21 April.<\/p>\n\n                <a href=\"https:\/\/www.invaldainvl.com\/en\/group-company-press-releases\/invl-technology-repurchased-own-shares\/\" title=\"Skaityti &rarr; INVL Technology repurchased own shares\" class=\"btn btn--primary more-link\">More<\/a>\n            <\/div>\n                    <div class=\"column column-1-of-3 c-white post-23296 post type-post status-publish format-standard has-post-thumbnail hentry category-group-company-press-releases\">\n                \t\t<div class=\"post-thumbnail\"\n\t\tstyle=\"\n\t\t\tbackground-image:url(https:\/\/www.invaldainvl.com\/wp-content\/uploads\/2024\/04\/shutterstock_1770322304-1024x534.jpg);\n\t\t\tbackground-position: center center;\n\t\t\t\"\n\t>\n\t\t\t\t\t<a href=\"https:\/\/www.invaldainvl.com\/en\/group-company-press-releases\/invl-technology-to-buy-back-own-shares-for-eur-0-5-million\/\" class=\"open-link\"><\/a>\n\t\t\t\t\t\t\t\t<ul>\n\t\t\t\t\t\t\t\t\t\t<li class=\"cat-group-company-press-releases\"><a href=\"https:\/\/www.invaldainvl.com\/en\/news\/?cat=14\">Group company press releases<\/a><\/li>\t\t\t\t<\/ul>\n\t\t\t\t<\/div>\n                <h2 class=\"post-title\"><a href=\"https:\/\/www.invaldainvl.com\/en\/group-company-press-releases\/invl-technology-to-buy-back-own-shares-for-eur-0-5-million\/\" title=\"Skaityti &rarr; INVL Technology to buy back own shares for EUR 0.5 million\">INVL Technology to buy back own shares for EUR 0.5 million<\/a><\/h2>\n                <p>INVL Technology, an investment company focused on information technology businesses, is launching a share buyback program, utilizing its accumulated reserve for this purpose. The share acquisition price on the stock exchange will be determined through a Dutch auction mechanism.<\/p>\n\n                <a href=\"https:\/\/www.invaldainvl.com\/en\/group-company-press-releases\/invl-technology-to-buy-back-own-shares-for-eur-0-5-million\/\" title=\"Skaityti &rarr; INVL Technology to buy back own shares for EUR 0.5 million\" class=\"btn btn--primary more-link\">More<\/a>\n            <\/div>\n                    <div class=\"column column-1-of-3 c-white post-23289 post type-post status-publish format-standard has-post-thumbnail hentry category-press-releases category-regulated-information\">\n                \t\t<div class=\"post-thumbnail\"\n\t\tstyle=\"\n\t\t\tbackground-image:url(https:\/\/www.invaldainvl.com\/wp-content\/uploads\/2022\/04\/Ataskaita-1024x576.jpg);\n\t\t\tbackground-position: center center;\n\t\t\t\"\n\t>\n\t\t\t\t\t<a href=\"https:\/\/www.invaldainvl.com\/en\/regulated-information\/audited-results-of-invalda-invl-group-for-2025\/\" class=\"open-link\"><\/a>\n\t\t\t\t\t\t\t\t<ul>\n\t\t\t\t\t\t\t\t\t\t<li class=\"cat-press-releases\"><a href=\"https:\/\/www.invaldainvl.com\/en\/news\/?cat=5\">Press releases<\/a><\/li><li class=\"cat-regulated-information\"><a href=\"https:\/\/www.invaldainvl.com\/en\/news\/?cat=15\">Regulated information<\/a><\/li>\t\t\t\t<\/ul>\n\t\t\t\t<\/div>\n                <h2 class=\"post-title\"><a href=\"https:\/\/www.invaldainvl.com\/en\/regulated-information\/audited-results-of-invalda-invl-group-for-2025\/\" title=\"Skaityti &rarr; Audited results of Invalda INVL Group for 2025\">Audited results of Invalda INVL Group for 2025<\/a><\/h2>\n                <p>Invalda INVL reported equity of EUR 256.2 million by the end of 2025<\/p>\n\n                <a href=\"https:\/\/www.invaldainvl.com\/en\/regulated-information\/audited-results-of-invalda-invl-group-for-2025\/\" title=\"Skaityti &rarr; Audited results of Invalda INVL Group for 2025\" class=\"btn btn--primary more-link\">More<\/a>\n            <\/div>\n            <\/section>\n        <section class=\"invl-block invl-block-1-columns invl-columns\">\n\t\t<div class=\"column column-1-of-1 padding-top-05 padding-bottom-05\" style=\"text-align: center;\">\n\t\t\t<a href=\"https:\/\/www.invaldainvl.com\/en\/news\/\"    class=\"btn btn--primary\">All news<\/a>\t\t<\/div>\n\t<\/section>\n    \n\n","protected":false},"excerpt":{"rendered":"","protected":false},"author":2,"featured_media":0,"parent":0,"menu_order":0,"comment_status":"closed","ping_status":"closed","template":"","meta":{"_acf_changed":false,"footnotes":""},"class_list":["post-5578","page","type-page","status-publish","hentry"],"acf":[],"yoast_head":"<!-- This site is optimized with the Yoast SEO plugin v26.8 - https:\/\/yoast.com\/product\/yoast-seo-wordpress\/ -->\n<title>Pradinis - Invalda INVL<\/title>\n<meta name=\"robots\" content=\"index, follow, max-snippet:-1, max-image-preview:large, max-video-preview:-1\" \/>\n<link rel=\"canonical\" href=\"https:\/\/www.invaldainvl.com\/en\/pradinis\/\" \/>\n<meta property=\"og:locale\" content=\"en_US\" \/>\n<meta property=\"og:type\" content=\"article\" \/>\n<meta property=\"og:title\" content=\"Pradinis - Invalda INVL\" \/>\n<meta property=\"og:url\" content=\"https:\/\/www.invaldainvl.com\/en\/pradinis\/\" \/>\n<meta property=\"og:site_name\" content=\"Invalda INVL\" \/>\n<meta property=\"article:modified_time\" content=\"2021-11-10T14:01:16+00:00\" \/>\n<meta name=\"twitter:card\" content=\"summary_large_image\" \/>\n<script type=\"application\/ld+json\" class=\"yoast-schema-graph\">{\"@context\":\"https:\/\/schema.org\",\"@graph\":[{\"@type\":\"WebPage\",\"@id\":\"https:\/\/www.invaldainvl.com\/en\/pradinis\/\",\"url\":\"https:\/\/www.invaldainvl.com\/en\/pradinis\/\",\"name\":\"Pradinis - Invalda INVL\",\"isPartOf\":{\"@id\":\"https:\/\/www.invaldainvl.com\/#website\"},\"datePublished\":\"2021-11-10T14:01:15+00:00\",\"dateModified\":\"2021-11-10T14:01:16+00:00\",\"breadcrumb\":{\"@id\":\"https:\/\/www.invaldainvl.com\/en\/pradinis\/#breadcrumb\"},\"inLanguage\":\"en-US\",\"potentialAction\":[{\"@type\":\"ReadAction\",\"target\":[\"https:\/\/www.invaldainvl.com\/en\/pradinis\/\"]}]},{\"@type\":\"BreadcrumbList\",\"@id\":\"https:\/\/www.invaldainvl.com\/en\/pradinis\/#breadcrumb\",\"itemListElement\":[{\"@type\":\"ListItem\",\"position\":1,\"name\":\"Home\",\"item\":\"https:\/\/www.invaldainvl.com\/en\/\"},{\"@type\":\"ListItem\",\"position\":2,\"name\":\"Pradinis\"}]},{\"@type\":\"WebSite\",\"@id\":\"https:\/\/www.invaldainvl.com\/#website\",\"url\":\"https:\/\/www.invaldainvl.com\/\",\"name\":\"Invalda INVL\",\"description\":\"Invalda INVL\",\"potentialAction\":[{\"@type\":\"SearchAction\",\"target\":{\"@type\":\"EntryPoint\",\"urlTemplate\":\"https:\/\/www.invaldainvl.com\/?s={search_term_string}\"},\"query-input\":{\"@type\":\"PropertyValueSpecification\",\"valueRequired\":true,\"valueName\":\"search_term_string\"}}],\"inLanguage\":\"en-US\"}]}<\/script>\n<!-- \/ Yoast SEO plugin. -->","yoast_head_json":{"title":"Pradinis - Invalda INVL","robots":{"index":"index","follow":"follow","max-snippet":"max-snippet:-1","max-image-preview":"max-image-preview:large","max-video-preview":"max-video-preview:-1"},"canonical":"https:\/\/www.invaldainvl.com\/en\/pradinis\/","og_locale":"en_US","og_type":"article","og_title":"Pradinis - Invalda INVL","og_url":"https:\/\/www.invaldainvl.com\/en\/pradinis\/","og_site_name":"Invalda INVL","article_modified_time":"2021-11-10T14:01:16+00:00","twitter_card":"summary_large_image","schema":{"@context":"https:\/\/schema.org","@graph":[{"@type":"WebPage","@id":"https:\/\/www.invaldainvl.com\/en\/pradinis\/","url":"https:\/\/www.invaldainvl.com\/en\/pradinis\/","name":"Pradinis - Invalda INVL","isPartOf":{"@id":"https:\/\/www.invaldainvl.com\/#website"},"datePublished":"2021-11-10T14:01:15+00:00","dateModified":"2021-11-10T14:01:16+00:00","breadcrumb":{"@id":"https:\/\/www.invaldainvl.com\/en\/pradinis\/#breadcrumb"},"inLanguage":"en-US","potentialAction":[{"@type":"ReadAction","target":["https:\/\/www.invaldainvl.com\/en\/pradinis\/"]}]},{"@type":"BreadcrumbList","@id":"https:\/\/www.invaldainvl.com\/en\/pradinis\/#breadcrumb","itemListElement":[{"@type":"ListItem","position":1,"name":"Home","item":"https:\/\/www.invaldainvl.com\/en\/"},{"@type":"ListItem","position":2,"name":"Pradinis"}]},{"@type":"WebSite","@id":"https:\/\/www.invaldainvl.com\/#website","url":"https:\/\/www.invaldainvl.com\/","name":"Invalda INVL","description":"Invalda INVL","potentialAction":[{"@type":"SearchAction","target":{"@type":"EntryPoint","urlTemplate":"https:\/\/www.invaldainvl.com\/?s={search_term_string}"},"query-input":{"@type":"PropertyValueSpecification","valueRequired":true,"valueName":"search_term_string"}}],"inLanguage":"en-US"}]}},"_links":{"self":[{"href":"https:\/\/www.invaldainvl.com\/en\/wp-json\/wp\/v2\/pages\/5578","targetHints":{"allow":["GET"]}}],"collection":[{"href":"https:\/\/www.invaldainvl.com\/en\/wp-json\/wp\/v2\/pages"}],"about":[{"href":"https:\/\/www.invaldainvl.com\/en\/wp-json\/wp\/v2\/types\/page"}],"author":[{"embeddable":true,"href":"https:\/\/www.invaldainvl.com\/en\/wp-json\/wp\/v2\/users\/2"}],"replies":[{"embeddable":true,"href":"https:\/\/www.invaldainvl.com\/en\/wp-json\/wp\/v2\/comments?post=5578"}],"version-history":[{"count":1,"href":"https:\/\/www.invaldainvl.com\/en\/wp-json\/wp\/v2\/pages\/5578\/revisions"}],"predecessor-version":[{"id":5579,"href":"https:\/\/www.invaldainvl.com\/en\/wp-json\/wp\/v2\/pages\/5578\/revisions\/5579"}],"wp:attachment":[{"href":"https:\/\/www.invaldainvl.com\/en\/wp-json\/wp\/v2\/media?parent=5578"}],"curies":[{"name":"wp","href":"https:\/\/api.w.org\/{rel}","templated":true}]}}